{"id":1737,"date":"2024-11-07T13:23:32","date_gmt":"2024-11-07T12:23:32","guid":{"rendered":"https:\/\/brevnovskypivovar.cz\/?post_type=product&#038;p=1737"},"modified":"2026-02-05T12:50:06","modified_gmt":"2026-02-05T11:50:06","slug":"brewery-tour","status":"publish","type":"product","link":"https:\/\/brevnovskypivovar.cz\/en\/product\/brewery-tour\/","title":{"rendered":"Brewery tour"},"content":{"rendered":"<ul>\n<li>A look into the history of the oldest Czech brewery<\/li>\n<li>A look into the present &#8211; a&nbsp;tour of the current brewery<\/li>\n<li>Sample of raw materials for brewing<\/li>\n<li>A visit to the brewery museum with an exhibition of beer glass<\/li>\n<li>Short movie about beer production<\/li>\n<li>Lecture on the history of brewing and information about Czech brewing<\/li>\n<li>The guide is always a&nbsp;brewer or brewery shareholder<\/li>\n<li>The duration of the tour is 45 min<\/li>\n<li>Guided tours in English, German or Russian<\/li>\n<li>In case of interest, a&nbsp;beer tasting can be arranged<\/li>\n<li>A gift voucher for Brewery tour on demand<\/li>\n<li><strong>We kindly request the groups of 10 or more visitors to contact our guide at tours@brevnovskypivovar.cz to arrange an individual tour<\/strong>.<\/li>\n<li><strong>Payment at the tour location<\/strong><\/li>\n<\/ul>\n","protected":false},"excerpt":{"rendered":"<p>A look into the history of the oldest Czech brewery [&hellip;]<\/p>\n","protected":false},"featured_media":1035,"comment_status":"closed","ping_status":"closed","template":"","meta":[],"product_cat":[],"product_tag":[],"class_list":{"0":"post-1737","1":"product","2":"type-product","3":"status-publish","4":"has-post-thumbnail","7":"first","8":"instock","9":"shipping-taxable","10":"purchasable","11":"product-type-variable"},"acf":[],"yoast_head":"<!-- This site is optimized with the Yoast SEO plugin v19.7.1 - https:\/\/yoast.com\/wordpress\/plugins\/seo\/ -->\n<title>Brewery tour - B\u0159evnovsk\u00fd kl\u00e1\u0161tern\u00ed pivovar sv. Vojt\u011bcha<\/title>\n<meta name=\"robots\" content=\"index, follow, max-snippet:-1, max-image-preview:large, max-video-preview:-1\" \/>\n<link rel=\"canonical\" href=\"https:\/\/brevnovskypivovar.cz\/en\/product\/brewery-tour\/\" \/>\n<meta property=\"og:locale\" content=\"en_US\" \/>\n<meta property=\"og:type\" content=\"article\" \/>\n<meta property=\"og:title\" content=\"Brewery tour - B\u0159evnovsk\u00fd kl\u00e1\u0161tern\u00ed pivovar sv. Vojt\u011bcha\" \/>\n<meta property=\"og:description\" content=\"A look into the history of the oldest Czech brewery [&hellip;]\" \/>\n<meta property=\"og:url\" content=\"https:\/\/brevnovskypivovar.cz\/en\/product\/brewery-tour\/\" \/>\n<meta property=\"og:site_name\" content=\"B\u0159evnovsk\u00fd kl\u00e1\u0161tern\u00ed pivovar sv. Vojt\u011bcha\" \/>\n<meta property=\"article:modified_time\" content=\"2026-02-05T11:50:06+00:00\" \/>\n<meta property=\"og:image\" content=\"http:\/\/brevnovskypivovar.cz\/wp-content\/uploads\/2022\/09\/Volba-Sladku-Brevnovsky-pivovar-foto-Vojtech-Kaba-13_2.jpg\" \/>\n\t<meta property=\"og:image:width\" content=\"800\" \/>\n\t<meta property=\"og:image:height\" content=\"1200\" \/>\n\t<meta property=\"og:image:type\" content=\"image\/jpeg\" \/>\n<meta name=\"twitter:card\" content=\"summary_large_image\" \/>\n<meta name=\"twitter:label1\" content=\"Est. reading time\" \/>\n\t<meta name=\"twitter:data1\" content=\"1 minute\" \/>\n<script type=\"application\/ld+json\" class=\"yoast-schema-graph\">{\"@context\":\"https:\/\/schema.org\",\"@graph\":[{\"@type\":\"WebPage\",\"@id\":\"https:\/\/brevnovskypivovar.cz\/en\/product\/brewery-tour\/\",\"url\":\"https:\/\/brevnovskypivovar.cz\/en\/product\/brewery-tour\/\",\"name\":\"Brewery tour - B\u0159evnovsk\u00fd kl\u00e1\u0161tern\u00ed pivovar sv. Vojt\u011bcha\",\"isPartOf\":{\"@id\":\"https:\/\/brevnovskypivovar.cz\/#website\"},\"datePublished\":\"2024-11-07T12:23:32+00:00\",\"dateModified\":\"2026-02-05T11:50:06+00:00\",\"breadcrumb\":{\"@id\":\"https:\/\/brevnovskypivovar.cz\/en\/product\/brewery-tour\/#breadcrumb\"},\"inLanguage\":\"en-US\",\"potentialAction\":[{\"@type\":\"ReadAction\",\"target\":[\"https:\/\/brevnovskypivovar.cz\/en\/product\/brewery-tour\/\"]}]},{\"@type\":\"BreadcrumbList\",\"@id\":\"https:\/\/brevnovskypivovar.cz\/en\/product\/brewery-tour\/#breadcrumb\",\"itemListElement\":[{\"@type\":\"ListItem\",\"position\":1,\"name\":\"Dom\u016f\",\"item\":\"https:\/\/brevnovskypivovar.cz\/en\/\"},{\"@type\":\"ListItem\",\"position\":2,\"name\":\"Shop\",\"item\":\"https:\/\/brevnovskypivovar.cz\/en\/shop\/\"},{\"@type\":\"ListItem\",\"position\":3,\"name\":\"Brewery tour\"}]},{\"@type\":\"WebSite\",\"@id\":\"https:\/\/brevnovskypivovar.cz\/#website\",\"url\":\"https:\/\/brevnovskypivovar.cz\/\",\"name\":\"B\u0159evnovsk\u00fd kl\u00e1\u0161tern\u00ed pivovar sv. Vojt\u011bcha\",\"description\":\"Prodej piva, prohl\u00eddky pivovaru\",\"potentialAction\":[{\"@type\":\"SearchAction\",\"target\":{\"@type\":\"EntryPoint\",\"urlTemplate\":\"https:\/\/brevnovskypivovar.cz\/?s={search_term_string}\"},\"query-input\":\"required name=search_term_string\"}],\"inLanguage\":\"en-US\"}]}<\/script>\n<!-- \/ Yoast SEO plugin. -->","yoast_head_json":{"title":"Brewery tour - B\u0159evnovsk\u00fd kl\u00e1\u0161tern\u00ed pivovar sv. Vojt\u011bcha","robots":{"index":"index","follow":"follow","max-snippet":"max-snippet:-1","max-image-preview":"max-image-preview:large","max-video-preview":"max-video-preview:-1"},"canonical":"https:\/\/brevnovskypivovar.cz\/en\/product\/brewery-tour\/","og_locale":"en_US","og_type":"article","og_title":"Brewery tour - B\u0159evnovsk\u00fd kl\u00e1\u0161tern\u00ed pivovar sv. Vojt\u011bcha","og_description":"A look into the history of the oldest Czech brewery [&hellip;]","og_url":"https:\/\/brevnovskypivovar.cz\/en\/product\/brewery-tour\/","og_site_name":"B\u0159evnovsk\u00fd kl\u00e1\u0161tern\u00ed pivovar sv. Vojt\u011bcha","article_modified_time":"2026-02-05T11:50:06+00:00","og_image":[{"width":800,"height":1200,"url":"http:\/\/brevnovskypivovar.cz\/wp-content\/uploads\/2022\/09\/Volba-Sladku-Brevnovsky-pivovar-foto-Vojtech-Kaba-13_2.jpg","type":"image\/jpeg"}],"twitter_card":"summary_large_image","twitter_misc":{"Est. reading time":"1 minute"},"schema":{"@context":"https:\/\/schema.org","@graph":[{"@type":"WebPage","@id":"https:\/\/brevnovskypivovar.cz\/en\/product\/brewery-tour\/","url":"https:\/\/brevnovskypivovar.cz\/en\/product\/brewery-tour\/","name":"Brewery tour - B\u0159evnovsk\u00fd kl\u00e1\u0161tern\u00ed pivovar sv. Vojt\u011bcha","isPartOf":{"@id":"https:\/\/brevnovskypivovar.cz\/#website"},"datePublished":"2024-11-07T12:23:32+00:00","dateModified":"2026-02-05T11:50:06+00:00","breadcrumb":{"@id":"https:\/\/brevnovskypivovar.cz\/en\/product\/brewery-tour\/#breadcrumb"},"inLanguage":"en-US","potentialAction":[{"@type":"ReadAction","target":["https:\/\/brevnovskypivovar.cz\/en\/product\/brewery-tour\/"]}]},{"@type":"BreadcrumbList","@id":"https:\/\/brevnovskypivovar.cz\/en\/product\/brewery-tour\/#breadcrumb","itemListElement":[{"@type":"ListItem","position":1,"name":"Dom\u016f","item":"https:\/\/brevnovskypivovar.cz\/en\/"},{"@type":"ListItem","position":2,"name":"Shop","item":"https:\/\/brevnovskypivovar.cz\/en\/shop\/"},{"@type":"ListItem","position":3,"name":"Brewery tour"}]},{"@type":"WebSite","@id":"https:\/\/brevnovskypivovar.cz\/#website","url":"https:\/\/brevnovskypivovar.cz\/","name":"B\u0159evnovsk\u00fd kl\u00e1\u0161tern\u00ed pivovar sv. Vojt\u011bcha","description":"Prodej piva, prohl\u00eddky pivovaru","potentialAction":[{"@type":"SearchAction","target":{"@type":"EntryPoint","urlTemplate":"https:\/\/brevnovskypivovar.cz\/?s={search_term_string}"},"query-input":"required name=search_term_string"}],"inLanguage":"en-US"}]}},"_links":{"self":[{"href":"https:\/\/brevnovskypivovar.cz\/en\/wp-json\/wp\/v2\/product\/1737"}],"collection":[{"href":"https:\/\/brevnovskypivovar.cz\/en\/wp-json\/wp\/v2\/product"}],"about":[{"href":"https:\/\/brevnovskypivovar.cz\/en\/wp-json\/wp\/v2\/types\/product"}],"replies":[{"embeddable":true,"href":"https:\/\/brevnovskypivovar.cz\/en\/wp-json\/wp\/v2\/comments?post=1737"}],"wp:featuredmedia":[{"embeddable":true,"href":"https:\/\/brevnovskypivovar.cz\/en\/wp-json\/wp\/v2\/media\/1035"}],"wp:attachment":[{"href":"https:\/\/brevnovskypivovar.cz\/en\/wp-json\/wp\/v2\/media?parent=1737"}],"wp:term":[{"taxonomy":"product_cat","embeddable":true,"href":"https:\/\/brevnovskypivovar.cz\/en\/wp-json\/wp\/v2\/product_cat?post=1737"},{"taxonomy":"product_tag","embeddable":true,"href":"https:\/\/brevnovskypivovar.cz\/en\/wp-json\/wp\/v2\/product_tag?post=1737"}],"curies":[{"name":"wp","href":"https:\/\/api.w.org\/{rel}","templated":true}]}}