{"id":1466,"date":"2024-10-10T14:51:54","date_gmt":"2024-10-10T12:51:54","guid":{"rendered":"https:\/\/brevnovskypivovar.cz\/?post_type=product&#038;p=1466"},"modified":"2026-03-30T08:59:35","modified_gmt":"2026-03-30T06:59:35","slug":"prohlidka-pivovaru","status":"publish","type":"product","link":"https:\/\/brevnovskypivovar.cz\/en\/produkt\/prohlidka-pivovaru\/","title":{"rendered":"Prohl\u00eddka pivovaru"},"content":{"rendered":"<ul>\n<li>Pohled do historie nejstar\u0161\u00edho \u010desk\u00e9ho pivovaru<\/li>\n<li>Pohled do sou\u010dasnosti \u2013 prohl\u00eddka v\u00fdrobn\u00edch prostor<\/li>\n<li>Uk\u00e1zka surovin na v\u00fdrobu piva<\/li>\n<li>N\u00e1v\u0161t\u011bva pivovarsk\u00e9ho muzea s&nbsp;expozic\u00ed pivn\u00edho skla<\/li>\n<li>Zhl\u00e9dnut\u00ed kr\u00e1tk\u00e9ho filmu o&nbsp;v\u00fdrob\u011b piva<\/li>\n<li>P\u0159edn\u00e1\u0161ka o&nbsp;historii v\u00fdroby piva a&nbsp;informace o&nbsp;\u010desk\u00e9m pivovarstv\u00ed<\/li>\n<li>Pr\u016fvodcem je v\u017edy sl\u00e1dek nebo akcion\u00e1\u0159 pivovaru<\/li>\n<li>Doba prohl\u00eddky je 45 min<\/li>\n<li>Mo\u017enost prohl\u00eddky anglicky, n\u011bmecky nebo rusky<\/li>\n<li>V p\u0159\u00edpad\u011b z\u00e1jmu jde zajistit degustaci piva<\/li>\n<li>Lze vystavit i&nbsp;d\u00e1rkov\u00fd poukaz na prohl\u00eddku pivovaru<\/li>\n<li><strong>Skupiny \u010d\u00edtaj\u00edc\u00ed 10 a&nbsp;v\u00edce n\u00e1v\u0161tevn\u00edk\u016f pros\u00edme, aby n\u00e1s kontaktovali na email prohlidky@brevnovskypivovar.cz &#8211; term\u00edn lze \u0159e\u0161it individu\u00e1ln\u011b<\/strong><\/li>\n<li><strong>Platba prob\u00edh\u00e1 na m\u00edst\u011b prohl\u00eddky<\/strong><\/li>\n<\/ul>\n","protected":false},"excerpt":{"rendered":"<p>Pohled do historie nejstar\u0161\u00edho \u010desk\u00e9ho pivovaru Pohled do sou\u010dasnosti \u2013 [&hellip;]<\/p>\n","protected":false},"featured_media":660,"comment_status":"closed","ping_status":"closed","template":"","meta":[],"product_cat":[42],"product_tag":[],"class_list":{"0":"post-1466","1":"product","2":"type-product","3":"status-publish","4":"has-post-thumbnail","6":"product_cat-uncategorized","8":"first","9":"instock","10":"featured","11":"shipping-taxable","12":"purchasable","13":"product-type-variable"},"acf":[],"yoast_head":"<!-- This site is optimized with the Yoast SEO plugin v19.7.1 - https:\/\/yoast.com\/wordpress\/plugins\/seo\/ -->\n<title>Prohl\u00eddka pivovaru - B\u0159evnovsk\u00fd kl\u00e1\u0161tern\u00ed pivovar sv. Vojt\u011bcha<\/title>\n<meta name=\"robots\" content=\"index, follow, max-snippet:-1, max-image-preview:large, max-video-preview:-1\" \/>\n<link rel=\"canonical\" href=\"https:\/\/brevnovskypivovar.cz\/produkt\/prohlidka-pivovaru\/\" \/>\n<meta property=\"og:locale\" content=\"en_US\" \/>\n<meta property=\"og:type\" content=\"article\" \/>\n<meta property=\"og:title\" content=\"Prohl\u00eddka pivovaru - B\u0159evnovsk\u00fd kl\u00e1\u0161tern\u00ed pivovar sv. Vojt\u011bcha\" \/>\n<meta property=\"og:description\" content=\"Pohled do historie nejstar\u0161\u00edho \u010desk\u00e9ho pivovaru Pohled do sou\u010dasnosti \u2013 [&hellip;]\" \/>\n<meta property=\"og:url\" content=\"https:\/\/brevnovskypivovar.cz\/produkt\/prohlidka-pivovaru\/\" \/>\n<meta property=\"og:site_name\" content=\"B\u0159evnovsk\u00fd kl\u00e1\u0161tern\u00ed pivovar sv. Vojt\u011bcha\" \/>\n<meta property=\"article:modified_time\" content=\"2026-03-30T06:59:35+00:00\" \/>\n<meta property=\"og:image\" content=\"http:\/\/brevnovskypivovar.cz\/wp-content\/uploads\/2022\/09\/Volba-Sladku-Brevnovsky-pivovar-foto-Vojtech-Kaba-13_2-1.jpg\" \/>\n\t<meta property=\"og:image:width\" content=\"800\" \/>\n\t<meta property=\"og:image:height\" content=\"1200\" \/>\n\t<meta property=\"og:image:type\" content=\"image\/jpeg\" \/>\n<meta name=\"twitter:card\" content=\"summary_large_image\" \/>\n<meta name=\"twitter:label1\" content=\"Est. reading time\" \/>\n\t<meta name=\"twitter:data1\" content=\"1 minute\" \/>\n<script type=\"application\/ld+json\" class=\"yoast-schema-graph\">{\"@context\":\"https:\/\/schema.org\",\"@graph\":[{\"@type\":\"WebPage\",\"@id\":\"https:\/\/brevnovskypivovar.cz\/produkt\/prohlidka-pivovaru\/\",\"url\":\"https:\/\/brevnovskypivovar.cz\/produkt\/prohlidka-pivovaru\/\",\"name\":\"Prohl\u00eddka pivovaru - B\u0159evnovsk\u00fd kl\u00e1\u0161tern\u00ed pivovar sv. Vojt\u011bcha\",\"isPartOf\":{\"@id\":\"https:\/\/brevnovskypivovar.cz\/#website\"},\"datePublished\":\"2024-10-10T12:51:54+00:00\",\"dateModified\":\"2026-03-30T06:59:35+00:00\",\"breadcrumb\":{\"@id\":\"https:\/\/brevnovskypivovar.cz\/produkt\/prohlidka-pivovaru\/#breadcrumb\"},\"inLanguage\":\"en-US\",\"potentialAction\":[{\"@type\":\"ReadAction\",\"target\":[\"https:\/\/brevnovskypivovar.cz\/produkt\/prohlidka-pivovaru\/\"]}]},{\"@type\":\"BreadcrumbList\",\"@id\":\"https:\/\/brevnovskypivovar.cz\/produkt\/prohlidka-pivovaru\/#breadcrumb\",\"itemListElement\":[{\"@type\":\"ListItem\",\"position\":1,\"name\":\"Dom\u016f\",\"item\":\"https:\/\/brevnovskypivovar.cz\/en\/\"},{\"@type\":\"ListItem\",\"position\":2,\"name\":\"Shop\",\"item\":\"https:\/\/brevnovskypivovar.cz\/en\/shop\/\"},{\"@type\":\"ListItem\",\"position\":3,\"name\":\"Prohl\u00eddka pivovaru\"}]},{\"@type\":\"WebSite\",\"@id\":\"https:\/\/brevnovskypivovar.cz\/#website\",\"url\":\"https:\/\/brevnovskypivovar.cz\/\",\"name\":\"B\u0159evnovsk\u00fd kl\u00e1\u0161tern\u00ed pivovar sv. Vojt\u011bcha\",\"description\":\"Prodej piva, prohl\u00eddky pivovaru\",\"potentialAction\":[{\"@type\":\"SearchAction\",\"target\":{\"@type\":\"EntryPoint\",\"urlTemplate\":\"https:\/\/brevnovskypivovar.cz\/?s={search_term_string}\"},\"query-input\":\"required name=search_term_string\"}],\"inLanguage\":\"en-US\"}]}<\/script>\n<!-- \/ Yoast SEO plugin. -->","yoast_head_json":{"title":"Prohl\u00eddka pivovaru - B\u0159evnovsk\u00fd kl\u00e1\u0161tern\u00ed pivovar sv. Vojt\u011bcha","robots":{"index":"index","follow":"follow","max-snippet":"max-snippet:-1","max-image-preview":"max-image-preview:large","max-video-preview":"max-video-preview:-1"},"canonical":"https:\/\/brevnovskypivovar.cz\/produkt\/prohlidka-pivovaru\/","og_locale":"en_US","og_type":"article","og_title":"Prohl\u00eddka pivovaru - B\u0159evnovsk\u00fd kl\u00e1\u0161tern\u00ed pivovar sv. Vojt\u011bcha","og_description":"Pohled do historie nejstar\u0161\u00edho \u010desk\u00e9ho pivovaru Pohled do sou\u010dasnosti \u2013 [&hellip;]","og_url":"https:\/\/brevnovskypivovar.cz\/produkt\/prohlidka-pivovaru\/","og_site_name":"B\u0159evnovsk\u00fd kl\u00e1\u0161tern\u00ed pivovar sv. Vojt\u011bcha","article_modified_time":"2026-03-30T06:59:35+00:00","og_image":[{"width":800,"height":1200,"url":"http:\/\/brevnovskypivovar.cz\/wp-content\/uploads\/2022\/09\/Volba-Sladku-Brevnovsky-pivovar-foto-Vojtech-Kaba-13_2-1.jpg","type":"image\/jpeg"}],"twitter_card":"summary_large_image","twitter_misc":{"Est. reading time":"1 minute"},"schema":{"@context":"https:\/\/schema.org","@graph":[{"@type":"WebPage","@id":"https:\/\/brevnovskypivovar.cz\/produkt\/prohlidka-pivovaru\/","url":"https:\/\/brevnovskypivovar.cz\/produkt\/prohlidka-pivovaru\/","name":"Prohl\u00eddka pivovaru - B\u0159evnovsk\u00fd kl\u00e1\u0161tern\u00ed pivovar sv. Vojt\u011bcha","isPartOf":{"@id":"https:\/\/brevnovskypivovar.cz\/#website"},"datePublished":"2024-10-10T12:51:54+00:00","dateModified":"2026-03-30T06:59:35+00:00","breadcrumb":{"@id":"https:\/\/brevnovskypivovar.cz\/produkt\/prohlidka-pivovaru\/#breadcrumb"},"inLanguage":"en-US","potentialAction":[{"@type":"ReadAction","target":["https:\/\/brevnovskypivovar.cz\/produkt\/prohlidka-pivovaru\/"]}]},{"@type":"BreadcrumbList","@id":"https:\/\/brevnovskypivovar.cz\/produkt\/prohlidka-pivovaru\/#breadcrumb","itemListElement":[{"@type":"ListItem","position":1,"name":"Dom\u016f","item":"https:\/\/brevnovskypivovar.cz\/en\/"},{"@type":"ListItem","position":2,"name":"Shop","item":"https:\/\/brevnovskypivovar.cz\/en\/shop\/"},{"@type":"ListItem","position":3,"name":"Prohl\u00eddka pivovaru"}]},{"@type":"WebSite","@id":"https:\/\/brevnovskypivovar.cz\/#website","url":"https:\/\/brevnovskypivovar.cz\/","name":"B\u0159evnovsk\u00fd kl\u00e1\u0161tern\u00ed pivovar sv. Vojt\u011bcha","description":"Prodej piva, prohl\u00eddky pivovaru","potentialAction":[{"@type":"SearchAction","target":{"@type":"EntryPoint","urlTemplate":"https:\/\/brevnovskypivovar.cz\/?s={search_term_string}"},"query-input":"required name=search_term_string"}],"inLanguage":"en-US"}]}},"_links":{"self":[{"href":"https:\/\/brevnovskypivovar.cz\/en\/wp-json\/wp\/v2\/product\/1466"}],"collection":[{"href":"https:\/\/brevnovskypivovar.cz\/en\/wp-json\/wp\/v2\/product"}],"about":[{"href":"https:\/\/brevnovskypivovar.cz\/en\/wp-json\/wp\/v2\/types\/product"}],"replies":[{"embeddable":true,"href":"https:\/\/brevnovskypivovar.cz\/en\/wp-json\/wp\/v2\/comments?post=1466"}],"wp:featuredmedia":[{"embeddable":true,"href":"https:\/\/brevnovskypivovar.cz\/en\/wp-json\/wp\/v2\/media\/660"}],"wp:attachment":[{"href":"https:\/\/brevnovskypivovar.cz\/en\/wp-json\/wp\/v2\/media?parent=1466"}],"wp:term":[{"taxonomy":"product_cat","embeddable":true,"href":"https:\/\/brevnovskypivovar.cz\/en\/wp-json\/wp\/v2\/product_cat?post=1466"},{"taxonomy":"product_tag","embeddable":true,"href":"https:\/\/brevnovskypivovar.cz\/en\/wp-json\/wp\/v2\/product_tag?post=1466"}],"curies":[{"name":"wp","href":"https:\/\/api.w.org\/{rel}","templated":true}]}}