{"id":992,"date":"2022-09-27T06:56:04","date_gmt":"2022-09-27T04:56:04","guid":{"rendered":"http:\/\/brevnovskypivovar.cz\/about-brewery\/"},"modified":"2022-10-04T12:29:06","modified_gmt":"2022-10-04T10:29:06","slug":"about-brewery","status":"publish","type":"page","link":"https:\/\/brevnovskypivovar.cz\/en\/about-brewery\/","title":{"rendered":"About us"},"content":{"rendered":"<div class=\"fusion-fullwidth fullwidth-box fusion-builder-row-1 fusion-flex-container has-pattern-background has-mask-background nonhundred-percent-fullwidth non-hundred-percent-height-scrolling fusion-animated\" style=\"--awb-border-radius-top-left:0px;--awb-border-radius-top-right:0px;--awb-border-radius-bottom-right:0px;--awb-border-radius-bottom-left:0px;--awb-padding-bottom:4rem;--awb-flex-wrap:wrap;\" data-animationType=\"fadeInLeft\" data-animationDuration=\"0.5\" data-animationOffset=\"top-into-view\" ><div class=\"fusion-builder-row fusion-row fusion-flex-align-items-flex-start fusion-flex-content-wrap\" style=\"max-width:1248px;margin-left: calc(-4% \/ 2 );margin-right: calc(-4% \/ 2 );\"><div class=\"fusion-layout-column fusion_builder_column fusion-builder-column-0 fusion_builder_column_1_2 1_2 fusion-flex-column fusion-flex-align-self-stretch\" style=\"--awb-padding-top:2rem;--awb-padding-right:2rem;--awb-padding-bottom:2rem;--awb-bg-size:cover;--awb-width-large:50%;--awb-margin-top-large:0px;--awb-spacing-right-large:3.84%;--awb-margin-bottom-large:0px;--awb-spacing-left-large:3.84%;--awb-width-medium:100%;--awb-order-medium:1;--awb-spacing-right-medium:1.92%;--awb-spacing-left-medium:1.92%;--awb-width-small:100%;--awb-order-small:1;--awb-spacing-right-small:1.92%;--awb-spacing-left-small:1.92%;\"><div class=\"fusion-column-wrapper fusion-column-has-shadow fusion-flex-justify-content-center fusion-content-layout-column\"><div class=\"fusion-text fusion-text-1\"><p>The B\u0159evnov monastery, the oldest male monastery in Bohemia, has been closely connected with beer brewing since its foundation in 993. The first written mention of beer brewing on Czech territory was from B\u0159evnov monastery. The brewery operated here with several breaks until 1889.<\/p>\n<\/div><\/div><\/div><div class=\"fusion-layout-column fusion_builder_column fusion-builder-column-1 fusion_builder_column_1_2 1_2 fusion-flex-column fusion-flex-align-self-stretch\" style=\"--awb-bg-size:cover;--awb-width-large:50%;--awb-margin-top-large:0px;--awb-spacing-right-large:3.84%;--awb-margin-bottom-large:0px;--awb-spacing-left-large:3.84%;--awb-width-medium:100%;--awb-order-medium:2;--awb-spacing-right-medium:1.92%;--awb-spacing-left-medium:1.92%;--awb-width-small:100%;--awb-order-small:2;--awb-spacing-right-small:1.92%;--awb-spacing-left-small:1.92%;\"><div class=\"fusion-column-wrapper fusion-column-has-shadow fusion-flex-justify-content-flex-start fusion-content-layout-column\"><div class=\"fusion-image-element \" style=\"--awb-caption-title-font-family:var(--h2_typography-font-family);--awb-caption-title-font-weight:var(--h2_typography-font-weight);--awb-caption-title-font-style:var(--h2_typography-font-style);--awb-caption-title-size:var(--h2_typography-font-size);--awb-caption-title-transform:var(--h2_typography-text-transform);--awb-caption-title-line-height:var(--h2_typography-line-height);--awb-caption-title-letter-spacing:var(--h2_typography-letter-spacing);\"><span class=\" fusion-imageframe imageframe-none imageframe-1 hover-type-none\"><img decoding=\"async\" width=\"978\" height=\"620\" alt=\"night view\" title=\"4895469_\" src=\"http:\/\/brevnovskypivovar.cz\/wp-content\/uploads\/2022\/09\/4895469_.jpg\" class=\"img-responsive wp-image-999\" srcset=\"https:\/\/brevnovskypivovar.cz\/wp-content\/uploads\/2022\/09\/4895469_-200x127.jpg 200w, https:\/\/brevnovskypivovar.cz\/wp-content\/uploads\/2022\/09\/4895469_-400x254.jpg 400w, https:\/\/brevnovskypivovar.cz\/wp-content\/uploads\/2022\/09\/4895469_-600x380.jpg 600w, https:\/\/brevnovskypivovar.cz\/wp-content\/uploads\/2022\/09\/4895469_-800x507.jpg 800w, https:\/\/brevnovskypivovar.cz\/wp-content\/uploads\/2022\/09\/4895469_.jpg 978w\" sizes=\"(max-width: 640px) 100vw, 600px\" \/><\/span><\/div><\/div><\/div><div class=\"fusion-layout-column fusion_builder_column fusion-builder-column-2 fusion_builder_column_1_2 1_2 fusion-flex-column fusion-flex-align-self-stretch column_dec-left\" style=\"--awb-bg-size:cover;--awb-width-large:50%;--awb-margin-top-large:2rem;--awb-spacing-right-large:3.84%;--awb-margin-bottom-large:0px;--awb-spacing-left-large:3.84%;--awb-width-medium:100%;--awb-order-medium:4;--awb-spacing-right-medium:1.92%;--awb-spacing-left-medium:1.92%;--awb-width-small:100%;--awb-order-small:4;--awb-spacing-right-small:1.92%;--awb-spacing-left-small:1.92%;\"><div class=\"fusion-column-wrapper fusion-column-has-shadow fusion-flex-justify-content-center fusion-content-layout-column\"><div class=\"fusion-image-element \" style=\"--awb-caption-title-font-family:var(--h2_typography-font-family);--awb-caption-title-font-weight:var(--h2_typography-font-weight);--awb-caption-title-font-style:var(--h2_typography-font-style);--awb-caption-title-size:var(--h2_typography-font-size);--awb-caption-title-transform:var(--h2_typography-text-transform);--awb-caption-title-line-height:var(--h2_typography-line-height);--awb-caption-title-letter-spacing:var(--h2_typography-letter-spacing);\"><span class=\" fusion-imageframe imageframe-none imageframe-2 hover-type-none\"><img decoding=\"async\" width=\"1124\" height=\"843\" title=\"varna + k\u00e1\u010f\" src=\"http:\/\/brevnovskypivovar.cz\/wp-content\/uploads\/2022\/09\/varna-kad.jpg\" alt class=\"img-responsive wp-image-997\" srcset=\"https:\/\/brevnovskypivovar.cz\/wp-content\/uploads\/2022\/09\/varna-kad-200x150.jpg 200w, https:\/\/brevnovskypivovar.cz\/wp-content\/uploads\/2022\/09\/varna-kad-400x300.jpg 400w, https:\/\/brevnovskypivovar.cz\/wp-content\/uploads\/2022\/09\/varna-kad-600x450.jpg 600w, https:\/\/brevnovskypivovar.cz\/wp-content\/uploads\/2022\/09\/varna-kad-800x600.jpg 800w, https:\/\/brevnovskypivovar.cz\/wp-content\/uploads\/2022\/09\/varna-kad.jpg 1124w\" sizes=\"(max-width: 640px) 100vw, 600px\" \/><\/span><\/div><\/div><\/div><div class=\"fusion-layout-column fusion_builder_column fusion-builder-column-3 fusion_builder_column_1_2 1_2 fusion-flex-column fusion-flex-align-self-stretch\" style=\"--awb-padding-top:2rem;--awb-padding-bottom:2rem;--awb-padding-left:2rem;--awb-padding-left-small:0px;--awb-bg-size:cover;--awb-width-large:50%;--awb-margin-top-large:2rem;--awb-spacing-right-large:3.84%;--awb-margin-bottom-large:0px;--awb-spacing-left-large:3.84%;--awb-width-medium:100%;--awb-order-medium:3;--awb-spacing-right-medium:1.92%;--awb-margin-bottom-medium:2rem;--awb-spacing-left-medium:1.92%;--awb-width-small:100%;--awb-order-small:3;--awb-spacing-right-small:1.92%;--awb-spacing-left-small:1.92%;\"><div class=\"fusion-column-wrapper fusion-column-has-shadow fusion-flex-justify-content-center fusion-content-layout-column\"><div class=\"fusion-text fusion-text-2\"><p>This long tradition is followed by a&nbsp;new brewery built in 2011. The brewery is located in the baroque building of the former stables. Part of the brewery is a&nbsp;permanent exhibition of beer glass and a&nbsp;smaller brewery museum. In front of the brewery building there is a&nbsp;small hop field. Up to 20 different types of beer are brewed annually in the brewery, 6 of which are permanent. The offer includes traditional Czech beers as well as various foreign beer styles. Some of the beers are suitable for archiving or aging in wooden barrels. The maximum annual production of the brewery is 4,000 hl of beer. The beers are bottled and kegs, and the draft version is available mostly in Prague pubs.<\/p>\n<\/div><\/div><\/div><div class=\"fusion-layout-column fusion_builder_column fusion-builder-column-4 fusion_builder_column_1_1 1_1 fusion-flex-column\" style=\"--awb-bg-size:cover;--awb-width-large:100%;--awb-margin-top-large:4rem;--awb-spacing-right-large:1.92%;--awb-margin-bottom-large:0px;--awb-spacing-left-large:1.92%;--awb-width-medium:100%;--awb-order-medium:0;--awb-spacing-right-medium:1.92%;--awb-spacing-left-medium:1.92%;--awb-width-small:100%;--awb-order-small:0;--awb-spacing-right-small:1.92%;--awb-spacing-left-small:1.92%;\"><div class=\"fusion-column-wrapper fusion-column-has-shadow fusion-flex-justify-content-flex-start fusion-content-layout-column\"><div class=\"fusion-video fusion-selfhosted-video\" style=\"align-self:center;max-width:50rem;\"><div class=\"video-wrapper\"><video playsinline=\"true\" width=\"100%\" style=\"object-fit: cover;\" muted=\"true\" preload=\"metadata\" controls=\"1\"><source src=\"http:\/\/brevnovskypivovar.cz\/wp-content\/uploads\/2022\/09\/Brevnovsky-klasterni-pivovar_600_5.25MB.mp4\" type=\"video\/mp4\">Sorry, your browser doesn&#039;t support embedded videos.<\/video><\/div><\/div><\/div><\/div><\/div><\/div>\n","protected":false},"excerpt":{"rendered":"","protected":false},"author":3,"featured_media":0,"parent":0,"menu_order":0,"comment_status":"closed","ping_status":"closed","template":"100-width.php","meta":{"footnotes":""},"class_list":["post-992","page","type-page","status-publish","hentry"],"acf":[],"yoast_head":"<!-- This site is optimized with the Yoast SEO plugin v19.7.1 - https:\/\/yoast.com\/wordpress\/plugins\/seo\/ -->\n<title>About us - B\u0159evnovsk\u00fd kl\u00e1\u0161tern\u00ed pivovar sv. Vojt\u011bcha<\/title>\n<meta name=\"robots\" content=\"index, follow, max-snippet:-1, max-image-preview:large, max-video-preview:-1\" \/>\n<link rel=\"canonical\" href=\"https:\/\/brevnovskypivovar.cz\/en\/about-brewery\/\" \/>\n<meta property=\"og:locale\" content=\"en_US\" \/>\n<meta property=\"og:type\" content=\"article\" \/>\n<meta property=\"og:title\" content=\"About us - B\u0159evnovsk\u00fd kl\u00e1\u0161tern\u00ed pivovar sv. Vojt\u011bcha\" \/>\n<meta property=\"og:url\" content=\"https:\/\/brevnovskypivovar.cz\/en\/about-brewery\/\" \/>\n<meta property=\"og:site_name\" content=\"B\u0159evnovsk\u00fd kl\u00e1\u0161tern\u00ed pivovar sv. Vojt\u011bcha\" \/>\n<meta property=\"article:modified_time\" content=\"2022-10-04T10:29:06+00:00\" \/>\n<meta name=\"twitter:card\" content=\"summary_large_image\" \/>\n<meta name=\"twitter:label1\" content=\"Est. reading time\" \/>\n\t<meta name=\"twitter:data1\" content=\"7 minutes\" \/>\n<script type=\"application\/ld+json\" class=\"yoast-schema-graph\">{\"@context\":\"https:\/\/schema.org\",\"@graph\":[{\"@type\":\"WebPage\",\"@id\":\"https:\/\/brevnovskypivovar.cz\/en\/about-brewery\/\",\"url\":\"https:\/\/brevnovskypivovar.cz\/en\/about-brewery\/\",\"name\":\"About us - B\u0159evnovsk\u00fd kl\u00e1\u0161tern\u00ed pivovar sv. Vojt\u011bcha\",\"isPartOf\":{\"@id\":\"https:\/\/brevnovskypivovar.cz\/#website\"},\"datePublished\":\"2022-09-27T04:56:04+00:00\",\"dateModified\":\"2022-10-04T10:29:06+00:00\",\"breadcrumb\":{\"@id\":\"https:\/\/brevnovskypivovar.cz\/en\/about-brewery\/#breadcrumb\"},\"inLanguage\":\"en-US\",\"potentialAction\":[{\"@type\":\"ReadAction\",\"target\":[\"https:\/\/brevnovskypivovar.cz\/en\/about-brewery\/\"]}]},{\"@type\":\"BreadcrumbList\",\"@id\":\"https:\/\/brevnovskypivovar.cz\/en\/about-brewery\/#breadcrumb\",\"itemListElement\":[{\"@type\":\"ListItem\",\"position\":1,\"name\":\"Dom\u016f\",\"item\":\"https:\/\/brevnovskypivovar.cz\/en\/\"},{\"@type\":\"ListItem\",\"position\":2,\"name\":\"About us\"}]},{\"@type\":\"WebSite\",\"@id\":\"https:\/\/brevnovskypivovar.cz\/#website\",\"url\":\"https:\/\/brevnovskypivovar.cz\/\",\"name\":\"B\u0159evnovsk\u00fd kl\u00e1\u0161tern\u00ed pivovar sv. Vojt\u011bcha\",\"description\":\"Prodej piva, prohl\u00eddky pivovaru\",\"potentialAction\":[{\"@type\":\"SearchAction\",\"target\":{\"@type\":\"EntryPoint\",\"urlTemplate\":\"https:\/\/brevnovskypivovar.cz\/?s={search_term_string}\"},\"query-input\":\"required name=search_term_string\"}],\"inLanguage\":\"en-US\"}]}<\/script>\n<!-- \/ Yoast SEO plugin. -->","yoast_head_json":{"title":"About us - B\u0159evnovsk\u00fd kl\u00e1\u0161tern\u00ed pivovar sv. Vojt\u011bcha","robots":{"index":"index","follow":"follow","max-snippet":"max-snippet:-1","max-image-preview":"max-image-preview:large","max-video-preview":"max-video-preview:-1"},"canonical":"https:\/\/brevnovskypivovar.cz\/en\/about-brewery\/","og_locale":"en_US","og_type":"article","og_title":"About us - B\u0159evnovsk\u00fd kl\u00e1\u0161tern\u00ed pivovar sv. Vojt\u011bcha","og_url":"https:\/\/brevnovskypivovar.cz\/en\/about-brewery\/","og_site_name":"B\u0159evnovsk\u00fd kl\u00e1\u0161tern\u00ed pivovar sv. Vojt\u011bcha","article_modified_time":"2022-10-04T10:29:06+00:00","twitter_card":"summary_large_image","twitter_misc":{"Est. reading time":"7 minutes"},"schema":{"@context":"https:\/\/schema.org","@graph":[{"@type":"WebPage","@id":"https:\/\/brevnovskypivovar.cz\/en\/about-brewery\/","url":"https:\/\/brevnovskypivovar.cz\/en\/about-brewery\/","name":"About us - B\u0159evnovsk\u00fd kl\u00e1\u0161tern\u00ed pivovar sv. Vojt\u011bcha","isPartOf":{"@id":"https:\/\/brevnovskypivovar.cz\/#website"},"datePublished":"2022-09-27T04:56:04+00:00","dateModified":"2022-10-04T10:29:06+00:00","breadcrumb":{"@id":"https:\/\/brevnovskypivovar.cz\/en\/about-brewery\/#breadcrumb"},"inLanguage":"en-US","potentialAction":[{"@type":"ReadAction","target":["https:\/\/brevnovskypivovar.cz\/en\/about-brewery\/"]}]},{"@type":"BreadcrumbList","@id":"https:\/\/brevnovskypivovar.cz\/en\/about-brewery\/#breadcrumb","itemListElement":[{"@type":"ListItem","position":1,"name":"Dom\u016f","item":"https:\/\/brevnovskypivovar.cz\/en\/"},{"@type":"ListItem","position":2,"name":"About us"}]},{"@type":"WebSite","@id":"https:\/\/brevnovskypivovar.cz\/#website","url":"https:\/\/brevnovskypivovar.cz\/","name":"B\u0159evnovsk\u00fd kl\u00e1\u0161tern\u00ed pivovar sv. Vojt\u011bcha","description":"Prodej piva, prohl\u00eddky pivovaru","potentialAction":[{"@type":"SearchAction","target":{"@type":"EntryPoint","urlTemplate":"https:\/\/brevnovskypivovar.cz\/?s={search_term_string}"},"query-input":"required name=search_term_string"}],"inLanguage":"en-US"}]}},"_links":{"self":[{"href":"https:\/\/brevnovskypivovar.cz\/en\/wp-json\/wp\/v2\/pages\/992"}],"collection":[{"href":"https:\/\/brevnovskypivovar.cz\/en\/wp-json\/wp\/v2\/pages"}],"about":[{"href":"https:\/\/brevnovskypivovar.cz\/en\/wp-json\/wp\/v2\/types\/page"}],"author":[{"embeddable":true,"href":"https:\/\/brevnovskypivovar.cz\/en\/wp-json\/wp\/v2\/users\/3"}],"replies":[{"embeddable":true,"href":"https:\/\/brevnovskypivovar.cz\/en\/wp-json\/wp\/v2\/comments?post=992"}],"version-history":[{"count":0,"href":"https:\/\/brevnovskypivovar.cz\/en\/wp-json\/wp\/v2\/pages\/992\/revisions"}],"wp:attachment":[{"href":"https:\/\/brevnovskypivovar.cz\/en\/wp-json\/wp\/v2\/media?parent=992"}],"curies":[{"name":"wp","href":"https:\/\/api.w.org\/{rel}","templated":true}]}}