{"id":1605,"date":"2024-11-01T09:46:37","date_gmt":"2024-11-01T08:46:37","guid":{"rendered":"https:\/\/brevnovskypivovar.cz\/cart\/"},"modified":"2024-11-01T09:46:37","modified_gmt":"2024-11-01T08:46:37","slug":"cart","status":"publish","type":"page","link":"https:\/\/brevnovskypivovar.cz\/en\/cart\/","title":{"rendered":"Cart"},"content":{"rendered":"<div class=\"fusion-fullwidth fullwidth-box fusion-builder-row-1 fusion-flex-container has-pattern-background has-mask-background nonhundred-percent-fullwidth non-hundred-percent-height-scrolling\" style=\"--link_color: var(--awb-color7);--awb-border-radius-top-left:0px;--awb-border-radius-top-right:0px;--awb-border-radius-bottom-right:0px;--awb-border-radius-bottom-left:0px;--awb-flex-wrap:wrap;\" ><div class=\"fusion-builder-row fusion-row fusion-flex-align-items-flex-start fusion-flex-content-wrap\" style=\"max-width:1248px;margin-left: calc(-4% \/ 2 );margin-right: calc(-4% \/ 2 );\"><div class=\"fusion-layout-column fusion_builder_column fusion-builder-column-0 fusion_builder_column_1_1 1_1 fusion-flex-column\" style=\"--awb-bg-size:cover;--awb-width-large:100%;--awb-margin-top-large:0px;--awb-spacing-right-large:1.92%;--awb-margin-bottom-large:0px;--awb-spacing-left-large:1.92%;--awb-width-medium:100%;--awb-spacing-right-medium:1.92%;--awb-spacing-left-medium:1.92%;--awb-width-small:100%;--awb-spacing-right-small:1.92%;--awb-spacing-left-small:1.92%;\"><div class=\"fusion-column-wrapper fusion-flex-justify-content-flex-start fusion-content-layout-column\"><div class=\"fusion-text fusion-text-1\"><div data-block-name=\"woocommerce\/cart\" class=\"wp-block-woocommerce-cart alignwide is-loading\">\n<div data-block-name=\"woocommerce\/filled-cart-block\" class=\"wp-block-woocommerce-filled-cart-block\">\n<div data-block-name=\"woocommerce\/cart-items-block\" class=\"wp-block-woocommerce-cart-items-block\">\n<div data-block-name=\"woocommerce\/cart-line-items-block\" class=\"wp-block-woocommerce-cart-line-items-block\">\u00a0<\/div>\n<div data-block-name=\"woocommerce\/cart-cross-sells-block\" class=\"wp-block-woocommerce-cart-cross-sells-block\">\n<h2 class=\"wp-block-heading has-large-font-size\">You may be interested in\u2026<\/h2>\n<div data-block-name=\"woocommerce\/cart-cross-sells-products-block\" class=\"wp-block-woocommerce-cart-cross-sells-products-block\">\u00a0<\/div>\n<\/div>\n<\/div>\n<div data-block-name=\"woocommerce\/cart-totals-block\" class=\"wp-block-woocommerce-cart-totals-block\">\n<div data-block-name=\"woocommerce\/cart-order-summary-block\" class=\"wp-block-woocommerce-cart-order-summary-block\">\n<div data-block-name=\"woocommerce\/cart-order-summary-heading-block\" class=\"wp-block-woocommerce-cart-order-summary-heading-block\">\u00a0<\/div>\n<div data-block-name=\"woocommerce\/cart-order-summary-coupon-form-block\" class=\"wp-block-woocommerce-cart-order-summary-coupon-form-block\">\u00a0<\/div>\n<div data-block-name=\"woocommerce\/cart-order-summary-totals-block\" class=\"wp-block-woocommerce-cart-order-summary-totals-block\">\n<div data-block-name=\"woocommerce\/cart-order-summary-subtotal-block\" class=\"wp-block-woocommerce-cart-order-summary-subtotal-block\">\u00a0<\/div>\n<div data-block-name=\"woocommerce\/cart-order-summary-discount-block\" class=\"wp-block-woocommerce-cart-order-summary-discount-block\">\u00a0<\/div>\n<div data-block-name=\"woocommerce\/cart-order-summary-fee-block\" class=\"wp-block-woocommerce-cart-order-summary-fee-block\">\u00a0<\/div>\n<div data-block-name=\"woocommerce\/cart-order-summary-shipping-block\" class=\"wp-block-woocommerce-cart-order-summary-shipping-block\">\u00a0<\/div>\n<div data-block-name=\"woocommerce\/cart-order-summary-taxes-block\" class=\"wp-block-woocommerce-cart-order-summary-taxes-block\">\u00a0<\/div>\n<\/div>\n<\/div>\n<div data-block-name=\"woocommerce\/cart-express-payment-block\" class=\"wp-block-woocommerce-cart-express-payment-block\">\u00a0<\/div>\n<div data-block-name=\"woocommerce\/proceed-to-checkout-block\" class=\"wp-block-woocommerce-proceed-to-checkout-block\">\u00a0<\/div>\n<div data-block-name=\"woocommerce\/cart-accepted-payment-methods-block\" class=\"wp-block-woocommerce-cart-accepted-payment-methods-block\">\u00a0<\/div>\n<\/div>\n<\/div>\n<div data-block-name=\"woocommerce\/empty-cart-block\" class=\"wp-block-woocommerce-empty-cart-block\">\n<h2 class=\"wp-block-heading has-text-align-center with-empty-cart-icon wc-block-cart__empty-cart__title\">Your cart is currently empty!<\/h2>\n<hr class=\"wp-block-separator has-alpha-channel-opacity is-style-dots\" \/>\n<h2 class=\"wp-block-heading has-text-align-center\">New in store<\/h2>\n<div data-block-name=\"woocommerce\/product-new\" data-columns=\"4\" data-rows=\"1\" class=\"wc-block-grid wp-block-product-new wc-block-product-new has-4-columns\">\n<ul class=\"wc-block-grid__products\">\n<li class=\"wc-block-grid__product\">\n\t\t\t\t<a href=\"https:\/\/brevnovskypivovar.cz\/en\/product\/brewery-tour\/\" class=\"wc-block-grid__product-link\"><\/p>\n<div class=\"wc-block-grid__product-image\"><img decoding=\"async\" width=\"500\" height=\"750\" src=\"https:\/\/brevnovskypivovar.cz\/wp-content\/uploads\/2022\/09\/Volba-Sladku-Brevnovsky-pivovar-foto-Vojtech-Kaba-13_2.jpg\" class=\"attachment-woocommerce_thumbnail size-woocommerce_thumbnail\" alt=\"Brewery tour\" srcset=\"https:\/\/brevnovskypivovar.cz\/wp-content\/uploads\/2022\/09\/Volba-Sladku-Brevnovsky-pivovar-foto-Vojtech-Kaba-13_2-200x300.jpg 200w, https:\/\/brevnovskypivovar.cz\/wp-content\/uploads\/2022\/09\/Volba-Sladku-Brevnovsky-pivovar-foto-Vojtech-Kaba-13_2-400x600.jpg 400w, https:\/\/brevnovskypivovar.cz\/wp-content\/uploads\/2022\/09\/Volba-Sladku-Brevnovsky-pivovar-foto-Vojtech-Kaba-13_2-600x900.jpg 600w, https:\/\/brevnovskypivovar.cz\/wp-content\/uploads\/2022\/09\/Volba-Sladku-Brevnovsky-pivovar-foto-Vojtech-Kaba-13_2-683x1024.jpg 683w, https:\/\/brevnovskypivovar.cz\/wp-content\/uploads\/2022\/09\/Volba-Sladku-Brevnovsky-pivovar-foto-Vojtech-Kaba-13_2-768x1152.jpg 768w, https:\/\/brevnovskypivovar.cz\/wp-content\/uploads\/2022\/09\/Volba-Sladku-Brevnovsky-pivovar-foto-Vojtech-Kaba-13_2.jpg 800w\" sizes=\"(max-width: 500px) 100vw, 500px\" \/><\/div>\n<div class=\"wc-block-grid__product-title\">Brewery tour<\/div>\n<p>\t\t\t\t<\/a><\/p>\n<div class=\"wc-block-grid__product-price price\"><span class=\"woocommerce-Price-amount amount\">250,00&nbsp;<span class=\"woocommerce-Price-currencySymbol\">&#075;&#269;<\/span><\/span> &ndash; <span class=\"woocommerce-Price-amount amount\">300,00&nbsp;<span class=\"woocommerce-Price-currencySymbol\">&#075;&#269;<\/span><\/span><\/div>\n<div class=\"wp-block-button wc-block-grid__product-add-to-cart\"><a href=\"https:\/\/brevnovskypivovar.cz\/en\/product\/brewery-tour\/\" aria-label=\"Select options for &ldquo;Brewery tour&rdquo;\" data-quantity=\"1\" data-product_id=\"1737\" data-product_sku=\"\" data-price=\"250\" rel=\"nofollow\" class=\"wp-block-button__link  add_to_cart_button\">Select options<\/a><\/div>\n<\/li>\n<li class=\"wc-block-grid__product\">\n\t\t\t\t<a href=\"https:\/\/brevnovskypivovar.cz\/en\/produkt\/prohlidka-pivovaru\/\" class=\"wc-block-grid__product-link\"><\/p>\n<div class=\"wc-block-grid__product-image\"><img decoding=\"async\" width=\"500\" height=\"750\" src=\"https:\/\/brevnovskypivovar.cz\/wp-content\/uploads\/2022\/09\/Volba-Sladku-Brevnovsky-pivovar-foto-Vojtech-Kaba-13_2-1.jpg\" class=\"attachment-woocommerce_thumbnail size-woocommerce_thumbnail\" alt=\"Prohl\u00eddka pivovaru\" srcset=\"https:\/\/brevnovskypivovar.cz\/wp-content\/uploads\/2022\/09\/Volba-Sladku-Brevnovsky-pivovar-foto-Vojtech-Kaba-13_2-1-200x300.jpg 200w, https:\/\/brevnovskypivovar.cz\/wp-content\/uploads\/2022\/09\/Volba-Sladku-Brevnovsky-pivovar-foto-Vojtech-Kaba-13_2-1-400x600.jpg 400w, https:\/\/brevnovskypivovar.cz\/wp-content\/uploads\/2022\/09\/Volba-Sladku-Brevnovsky-pivovar-foto-Vojtech-Kaba-13_2-1-600x900.jpg 600w, https:\/\/brevnovskypivovar.cz\/wp-content\/uploads\/2022\/09\/Volba-Sladku-Brevnovsky-pivovar-foto-Vojtech-Kaba-13_2-1-683x1024.jpg 683w, https:\/\/brevnovskypivovar.cz\/wp-content\/uploads\/2022\/09\/Volba-Sladku-Brevnovsky-pivovar-foto-Vojtech-Kaba-13_2-1-768x1152.jpg 768w, https:\/\/brevnovskypivovar.cz\/wp-content\/uploads\/2022\/09\/Volba-Sladku-Brevnovsky-pivovar-foto-Vojtech-Kaba-13_2-1.jpg 800w\" sizes=\"(max-width: 500px) 100vw, 500px\" \/><\/div>\n<div class=\"wc-block-grid__product-title\">Prohl\u00eddka pivovaru<\/div>\n<p>\t\t\t\t<\/a><\/p>\n<div class=\"wc-block-grid__product-price price\"><span class=\"woocommerce-Price-amount amount\">250,00&nbsp;<span class=\"woocommerce-Price-currencySymbol\">&#075;&#269;<\/span><\/span> &ndash; <span class=\"woocommerce-Price-amount amount\">300,00&nbsp;<span class=\"woocommerce-Price-currencySymbol\">&#075;&#269;<\/span><\/span><\/div>\n<div class=\"wp-block-button wc-block-grid__product-add-to-cart\"><a href=\"https:\/\/brevnovskypivovar.cz\/en\/produkt\/prohlidka-pivovaru\/\" aria-label=\"Select options for &ldquo;Prohl\u00eddka pivovaru&rdquo;\" data-quantity=\"1\" data-product_id=\"1466\" data-product_sku=\"\" data-price=\"250\" rel=\"nofollow\" class=\"wp-block-button__link  add_to_cart_button\">Select options<\/a><\/div>\n<\/li>\n<\/ul>\n<\/div>\n<\/div>\n<\/div>\n<\/div><\/div><\/div><\/div><\/div>","protected":false},"excerpt":{"rendered":"","protected":false},"author":3,"featured_media":0,"parent":0,"menu_order":0,"comment_status":"closed","ping_status":"closed","template":"100-width.php","meta":{"footnotes":""},"class_list":["post-1605","page","type-page","status-publish","hentry"],"acf":[],"yoast_head":"<!-- This site is optimized with the Yoast SEO plugin v19.7.1 - https:\/\/yoast.com\/wordpress\/plugins\/seo\/ -->\n<title>Cart - B\u0159evnovsk\u00fd kl\u00e1\u0161tern\u00ed pivovar sv. Vojt\u011bcha<\/title>\n<meta name=\"robots\" content=\"index, follow, max-snippet:-1, max-image-preview:large, max-video-preview:-1\" \/>\n<link rel=\"canonical\" href=\"https:\/\/brevnovskypivovar.cz\/en\/cart\/\" \/>\n<meta property=\"og:locale\" content=\"en_US\" \/>\n<meta property=\"og:type\" content=\"article\" \/>\n<meta property=\"og:title\" content=\"Cart - B\u0159evnovsk\u00fd kl\u00e1\u0161tern\u00ed pivovar sv. Vojt\u011bcha\" \/>\n<meta property=\"og:url\" content=\"https:\/\/brevnovskypivovar.cz\/en\/cart\/\" \/>\n<meta property=\"og:site_name\" content=\"B\u0159evnovsk\u00fd kl\u00e1\u0161tern\u00ed pivovar sv. Vojt\u011bcha\" \/>\n<meta name=\"twitter:card\" content=\"summary_large_image\" \/>\n<meta name=\"twitter:label1\" content=\"Est. reading time\" \/>\n\t<meta name=\"twitter:data1\" content=\"3 minutes\" \/>\n<script type=\"application\/ld+json\" class=\"yoast-schema-graph\">{\"@context\":\"https:\/\/schema.org\",\"@graph\":[{\"@type\":\"WebPage\",\"@id\":\"https:\/\/brevnovskypivovar.cz\/en\/cart\/\",\"url\":\"https:\/\/brevnovskypivovar.cz\/en\/cart\/\",\"name\":\"Cart - B\u0159evnovsk\u00fd kl\u00e1\u0161tern\u00ed pivovar sv. Vojt\u011bcha\",\"isPartOf\":{\"@id\":\"https:\/\/brevnovskypivovar.cz\/#website\"},\"datePublished\":\"2024-11-01T08:46:37+00:00\",\"dateModified\":\"2024-11-01T08:46:37+00:00\",\"breadcrumb\":{\"@id\":\"https:\/\/brevnovskypivovar.cz\/en\/cart\/#breadcrumb\"},\"inLanguage\":\"en-US\",\"potentialAction\":[{\"@type\":\"ReadAction\",\"target\":[\"https:\/\/brevnovskypivovar.cz\/en\/cart\/\"]}]},{\"@type\":\"BreadcrumbList\",\"@id\":\"https:\/\/brevnovskypivovar.cz\/en\/cart\/#breadcrumb\",\"itemListElement\":[{\"@type\":\"ListItem\",\"position\":1,\"name\":\"Dom\u016f\",\"item\":\"https:\/\/brevnovskypivovar.cz\/en\/\"},{\"@type\":\"ListItem\",\"position\":2,\"name\":\"Cart\"}]},{\"@type\":\"WebSite\",\"@id\":\"https:\/\/brevnovskypivovar.cz\/#website\",\"url\":\"https:\/\/brevnovskypivovar.cz\/\",\"name\":\"B\u0159evnovsk\u00fd kl\u00e1\u0161tern\u00ed pivovar sv. Vojt\u011bcha\",\"description\":\"Prodej piva, prohl\u00eddky pivovaru\",\"potentialAction\":[{\"@type\":\"SearchAction\",\"target\":{\"@type\":\"EntryPoint\",\"urlTemplate\":\"https:\/\/brevnovskypivovar.cz\/?s={search_term_string}\"},\"query-input\":\"required name=search_term_string\"}],\"inLanguage\":\"en-US\"}]}<\/script>\n<!-- \/ Yoast SEO plugin. -->","yoast_head_json":{"title":"Cart - B\u0159evnovsk\u00fd kl\u00e1\u0161tern\u00ed pivovar sv. Vojt\u011bcha","robots":{"index":"index","follow":"follow","max-snippet":"max-snippet:-1","max-image-preview":"max-image-preview:large","max-video-preview":"max-video-preview:-1"},"canonical":"https:\/\/brevnovskypivovar.cz\/en\/cart\/","og_locale":"en_US","og_type":"article","og_title":"Cart - B\u0159evnovsk\u00fd kl\u00e1\u0161tern\u00ed pivovar sv. Vojt\u011bcha","og_url":"https:\/\/brevnovskypivovar.cz\/en\/cart\/","og_site_name":"B\u0159evnovsk\u00fd kl\u00e1\u0161tern\u00ed pivovar sv. Vojt\u011bcha","twitter_card":"summary_large_image","twitter_misc":{"Est. reading time":"3 minutes"},"schema":{"@context":"https:\/\/schema.org","@graph":[{"@type":"WebPage","@id":"https:\/\/brevnovskypivovar.cz\/en\/cart\/","url":"https:\/\/brevnovskypivovar.cz\/en\/cart\/","name":"Cart - B\u0159evnovsk\u00fd kl\u00e1\u0161tern\u00ed pivovar sv. Vojt\u011bcha","isPartOf":{"@id":"https:\/\/brevnovskypivovar.cz\/#website"},"datePublished":"2024-11-01T08:46:37+00:00","dateModified":"2024-11-01T08:46:37+00:00","breadcrumb":{"@id":"https:\/\/brevnovskypivovar.cz\/en\/cart\/#breadcrumb"},"inLanguage":"en-US","potentialAction":[{"@type":"ReadAction","target":["https:\/\/brevnovskypivovar.cz\/en\/cart\/"]}]},{"@type":"BreadcrumbList","@id":"https:\/\/brevnovskypivovar.cz\/en\/cart\/#breadcrumb","itemListElement":[{"@type":"ListItem","position":1,"name":"Dom\u016f","item":"https:\/\/brevnovskypivovar.cz\/en\/"},{"@type":"ListItem","position":2,"name":"Cart"}]},{"@type":"WebSite","@id":"https:\/\/brevnovskypivovar.cz\/#website","url":"https:\/\/brevnovskypivovar.cz\/","name":"B\u0159evnovsk\u00fd kl\u00e1\u0161tern\u00ed pivovar sv. Vojt\u011bcha","description":"Prodej piva, prohl\u00eddky pivovaru","potentialAction":[{"@type":"SearchAction","target":{"@type":"EntryPoint","urlTemplate":"https:\/\/brevnovskypivovar.cz\/?s={search_term_string}"},"query-input":"required name=search_term_string"}],"inLanguage":"en-US"}]}},"_links":{"self":[{"href":"https:\/\/brevnovskypivovar.cz\/en\/wp-json\/wp\/v2\/pages\/1605"}],"collection":[{"href":"https:\/\/brevnovskypivovar.cz\/en\/wp-json\/wp\/v2\/pages"}],"about":[{"href":"https:\/\/brevnovskypivovar.cz\/en\/wp-json\/wp\/v2\/types\/page"}],"author":[{"embeddable":true,"href":"https:\/\/brevnovskypivovar.cz\/en\/wp-json\/wp\/v2\/users\/3"}],"replies":[{"embeddable":true,"href":"https:\/\/brevnovskypivovar.cz\/en\/wp-json\/wp\/v2\/comments?post=1605"}],"version-history":[{"count":0,"href":"https:\/\/brevnovskypivovar.cz\/en\/wp-json\/wp\/v2\/pages\/1605\/revisions"}],"wp:attachment":[{"href":"https:\/\/brevnovskypivovar.cz\/en\/wp-json\/wp\/v2\/media?parent=1605"}],"curies":[{"name":"wp","href":"https:\/\/api.w.org\/{rel}","templated":true}]}}