{"id":1006,"date":"2022-09-27T07:06:34","date_gmt":"2022-09-27T05:06:34","guid":{"rendered":"http:\/\/brevnovskypivovar.cz\/brewery-tours\/"},"modified":"2022-09-30T10:06:32","modified_gmt":"2022-09-30T08:06:32","slug":"brewery-tours","status":"publish","type":"page","link":"https:\/\/brevnovskypivovar.cz\/en\/brewery-tours\/","title":{"rendered":"Tours"},"content":{"rendered":"<p><section class=\"fusion-fullwidth fullwidth-box fusion-builder-row-1 fusion-flex-container has-pattern-background has-mask-background nonhundred-percent-fullwidth non-hundred-percent-height-scrolling fusion-animated\" style=\"--awb-border-radius-top-left:0px;--awb-border-radius-top-right:0px;--awb-border-radius-bottom-right:0px;--awb-border-radius-bottom-left:0px;--awb-padding-top:6.25rem;--awb-padding-bottom:6.25rem;--awb-padding-bottom-medium:10rem;--awb-padding-top-small:0px;--awb-background-color:var(--awb-color1);--awb-flex-wrap:wrap;\" data-animationType=\"fadeInLeft\" data-animationDuration=\"0.5\" data-animationOffset=\"top-into-view\" ><div class=\"fusion-builder-row fusion-row fusion-flex-align-items-flex-start fusion-flex-justify-content-flex-end fusion-flex-content-wrap\" style=\"max-width:1248px;margin-left: calc(-4% \/ 2 );margin-right: calc(-4% \/ 2 );\"><div class=\"fusion-layout-column fusion_builder_column fusion-builder-column-0 fusion_builder_column_1_2 1_2 fusion-flex-column fusion-flex-align-self-center\" style=\"--awb-z-index:2;--awb-padding-top:4rem;--awb-padding-right:4rem;--awb-padding-bottom:4rem;--awb-padding-left:4rem;--awb-padding-top-medium:2rem;--awb-padding-right-medium:2rem;--awb-padding-bottom-medium:2rem;--awb-padding-left-medium:2rem;--awb-bg-color:var(--awb-color1);--awb-bg-color-hover:var(--awb-color1);--awb-bg-size:cover;--awb-border-color:var(--awb-color7);--awb-border-top:0.0625rem;--awb-border-right:0.0625rem;--awb-border-bottom:0.0625rem;--awb-border-left:0.0625rem;--awb-border-style:solid;--awb-width-large:50%;--awb-margin-top-large:0px;--awb-spacing-right-large:-2rem;--awb-margin-bottom-large:0px;--awb-spacing-left-large:3.84%;--awb-width-medium:100%;--awb-order-medium:0;--awb-spacing-right-medium:1rem;--awb-spacing-left-medium:1.92%;--awb-width-small:100%;--awb-order-small:0;--awb-spacing-right-small:1rem;--awb-spacing-left-small:1.92%;\"><div class=\"fusion-column-wrapper fusion-column-has-shadow fusion-flex-justify-content-center fusion-content-layout-column\"><div class=\"fusion-title title fusion-title-1 fusion-sep-none fusion-title-text fusion-title-size-two h-frame-bcg\" style=\"--awb-text-color:var(--awb-color4);--awb-margin-top:-6rem;--awb-margin-right:0px;--awb-margin-bottom:4rem;--awb-margin-left:0px;--awb-margin-top-small:0px;--awb-margin-right-small:0px;--awb-margin-left-small:0px;\"><h2 class=\"fusion-title-heading title-heading-left\" style=\"margin:0;\"><span class=\"h-span\">What we offer<\/span><\/h2><\/div><ul style=\"--awb-size:21.09375px;--awb-margin-bottom:0px;--awb-iconcolor:var(--awb-color7);--awb-textcolor:var(--awb-color5);--awb-line-height:35.859375px;--awb-icon-width:35.859375px;--awb-icon-height:35.859375px;--awb-icon-margin:14.765625px;--awb-content-margin:50.625px;\" class=\"fusion-checklist fusion-checklist-1 fusion-checklist-default type-icons\"><li class=\"fusion-li-item\" style=\"\"><span class=\"icon-wrapper circle-no\"><i class=\"fusion-li-icon fa-angle-right fas\" aria-hidden=\"true\"><\/i><\/span><div class=\"fusion-li-item-content\">A look into the history of the oldest Czech brewery<\/div><\/li><li class=\"fusion-li-item\" style=\"\"><span class=\"icon-wrapper circle-no\"><i class=\"fusion-li-icon fa-angle-right fas\" aria-hidden=\"true\"><\/i><\/span><div class=\"fusion-li-item-content\">A look into the present &#8211; a&nbsp;tour of the current brewery<\/div><\/li><li class=\"fusion-li-item\" style=\"\"><span class=\"icon-wrapper circle-no\"><i class=\"fusion-li-icon fa-angle-right fas\" aria-hidden=\"true\"><\/i><\/span><div class=\"fusion-li-item-content\">Sample of raw materials for brewing<\/div><\/li><li class=\"fusion-li-item\" style=\"\"><span class=\"icon-wrapper circle-no\"><i class=\"fusion-li-icon fa-angle-right fas\" aria-hidden=\"true\"><\/i><\/span><div class=\"fusion-li-item-content\">A visit to the brewery museum with an exhibition of beer glass<\/div><\/li><li class=\"fusion-li-item\" style=\"\"><span class=\"icon-wrapper circle-no\"><i class=\"fusion-li-icon fa-angle-right fas\" aria-hidden=\"true\"><\/i><\/span><div class=\"fusion-li-item-content\">Short movie about beer production<\/div><\/li><li class=\"fusion-li-item\" style=\"\"><span class=\"icon-wrapper circle-no\"><i class=\"fusion-li-icon fa-angle-right fas\" aria-hidden=\"true\"><\/i><\/span><div class=\"fusion-li-item-content\">Lecture on the history of brewing and information about Czech brewing<\/div><\/li><li class=\"fusion-li-item\" style=\"\"><span class=\"icon-wrapper circle-no\"><i class=\"fusion-li-icon fa-angle-right fas\" aria-hidden=\"true\"><\/i><\/span><div class=\"fusion-li-item-content\">The guide is always a&nbsp;brewer or brewery shareholder<\/div><\/li><li class=\"fusion-li-item\" style=\"\"><span class=\"icon-wrapper circle-no\"><i class=\"fusion-li-icon fa-angle-right fas\" aria-hidden=\"true\"><\/i><\/span><div class=\"fusion-li-item-content\">The duration of the tour is 45 min<\/div><\/li><li class=\"fusion-li-item\" style=\"\"><span class=\"icon-wrapper circle-no\"><i class=\"fusion-li-icon fa-angle-right fas\" aria-hidden=\"true\"><\/i><\/span><div class=\"fusion-li-item-content\">Guided tours in English, German or Russian<\/div><\/li><li class=\"fusion-li-item\" style=\"\"><span class=\"icon-wrapper circle-no\"><i class=\"fusion-li-icon fa-angle-right fas\" aria-hidden=\"true\"><\/i><\/span><div class=\"fusion-li-item-content\">In case of interest, a&nbsp;beer tasting can be arranged<\/div><\/li><li class=\"fusion-li-item\" style=\"\"><span class=\"icon-wrapper circle-no\"><i class=\"fusion-li-icon fa-angle-right fas\" aria-hidden=\"true\"><\/i><\/span><div class=\"fusion-li-item-content\">A gift voucher for Brewery tour on request<\/div><\/li><\/ul><\/div><\/div><div class=\"fusion-layout-column fusion_builder_column fusion-builder-column-1 fusion_builder_column_1_2 1_2 fusion-flex-column fusion-flex-align-self-stretch column-mapa\" style=\"--awb-z-index:1;--awb-bg-size:cover;--awb-width-large:50%;--awb-margin-top-large:0px;--awb-spacing-right-large:3.84%;--awb-margin-bottom-large:0px;--awb-spacing-left-large:-2rem;--awb-width-medium:100%;--awb-order-medium:0;--awb-margin-top-medium:2rem;--awb-spacing-right-medium:1.92%;--awb-spacing-left-medium:1rem;--awb-width-small:100%;--awb-order-small:0;--awb-spacing-right-small:1.92%;--awb-spacing-left-small:1rem;\"><div class=\"fusion-column-wrapper fusion-column-has-shadow fusion-flex-justify-content-center fusion-content-layout-column\"><div class=\"fusion-image-element md-text-align-center\" style=\"--awb-caption-title-font-family:var(--h2_typography-font-family);--awb-caption-title-font-weight:var(--h2_typography-font-weight);--awb-caption-title-font-style:var(--h2_typography-font-style);--awb-caption-title-size:var(--h2_typography-font-size);--awb-caption-title-transform:var(--h2_typography-text-transform);--awb-caption-title-line-height:var(--h2_typography-line-height);--awb-caption-title-letter-spacing:var(--h2_typography-letter-spacing);\"><span class=\" fusion-imageframe imageframe-none imageframe-1 hover-type-none\"><img decoding=\"async\" width=\"800\" height=\"1200\" title=\"Volba-Sladku-Brevnovsky-pivovar-foto-Vojtech-Kaba-13_2\" src=\"http:\/\/brevnovskypivovar.cz\/wp-content\/uploads\/2022\/09\/Volba-Sladku-Brevnovsky-pivovar-foto-Vojtech-Kaba-13_2-1.jpg\" alt class=\"img-responsive wp-image-1023\" srcset=\"https:\/\/brevnovskypivovar.cz\/wp-content\/uploads\/2022\/09\/Volba-Sladku-Brevnovsky-pivovar-foto-Vojtech-Kaba-13_2-1-200x300.jpg 200w, https:\/\/brevnovskypivovar.cz\/wp-content\/uploads\/2022\/09\/Volba-Sladku-Brevnovsky-pivovar-foto-Vojtech-Kaba-13_2-1-400x600.jpg 400w, https:\/\/brevnovskypivovar.cz\/wp-content\/uploads\/2022\/09\/Volba-Sladku-Brevnovsky-pivovar-foto-Vojtech-Kaba-13_2-1-600x900.jpg 600w, https:\/\/brevnovskypivovar.cz\/wp-content\/uploads\/2022\/09\/Volba-Sladku-Brevnovsky-pivovar-foto-Vojtech-Kaba-13_2-1.jpg 800w\" sizes=\"(max-width: 640px) 100vw, 600px\" \/><\/span><\/div><\/div><\/div><\/div><\/section><div class=\"fusion-fullwidth fullwidth-box fusion-builder-row-2 fusion-flex-container has-pattern-background has-mask-background nonhundred-percent-fullwidth non-hundred-percent-height-scrolling fusion-animated\" style=\"--link_hover_color: var(--awb-color7);--awb-border-radius-top-left:0px;--awb-border-radius-top-right:0px;--awb-border-radius-bottom-right:0px;--awb-border-radius-bottom-left:0px;--awb-padding-top:5rem;--awb-padding-bottom:5rem;--awb-margin-top:4rem;--awb-background-color:var(--awb-color4);--awb-flex-wrap:wrap;\" data-animationType=\"fadeInLeft\" data-animationDuration=\"0.5\" data-animationOffset=\"top-into-view\" ><div class=\"fusion-builder-row fusion-row fusion-flex-align-items-flex-start fusion-flex-justify-content-flex-end fusion-flex-content-wrap\" style=\"max-width:1248px;margin-left: calc(-4% \/ 2 );margin-right: calc(-4% \/ 2 );\"><div class=\"fusion-layout-column fusion_builder_column fusion-builder-column-2 fusion_builder_column_1_2 1_2 fusion-flex-column\" style=\"--awb-bg-size:cover;--awb-width-large:50%;--awb-margin-top-large:-10rem;--awb-spacing-right-large:3.84%;--awb-margin-bottom-large:0px;--awb-spacing-left-large:3.84%;--awb-width-medium:100%;--awb-order-medium:0;--awb-spacing-right-medium:1.92%;--awb-spacing-left-medium:1.92%;--awb-width-small:100%;--awb-order-small:0;--awb-spacing-right-small:1.92%;--awb-spacing-left-small:1.92%;\"><div class=\"fusion-column-wrapper fusion-column-has-shadow fusion-flex-justify-content-flex-start fusion-content-layout-column\"><div class=\"awb-gallery-wrapper awb-gallery-wrapper-1 button-span-no\" style=\"--more-btn-alignment:center;\"><div style=\"margin:-5px;--awb-bordersize:0px;\" class=\"fusion-gallery fusion-gallery-container fusion-grid-2 fusion-columns-total-4 fusion-gallery-layout-grid fusion-gallery-1\"><div style=\"padding:5px;\" class=\"fusion-grid-column fusion-gallery-column fusion-gallery-column-2 hover-type-zoomin\"><div class=\"fusion-gallery-image\"><a href=\"https:\/\/brevnovskypivovar.cz\/wp-content\/uploads\/2022\/09\/prohlidka-pivovaru.jpg\" rel=\"noreferrer\" data-rel=\"iLightbox[gallery_image_1]\" class=\"fusion-lightbox\" target=\"_self\"><img decoding=\"async\" src=\"https:\/\/brevnovskypivovar.cz\/wp-content\/uploads\/2022\/09\/prohlidka-pivovaru-460x295.jpg\" width=\"460\" height=\"295\" alt=\"\" title=\"prohlidka-pivovaru\" aria-label=\"prohlidka-pivovaru\" class=\"img-responsive wp-image-742 fusion-gallery-image-size-fixed\"  \/><\/a><\/div><\/div><div style=\"padding:5px;\" class=\"fusion-grid-column fusion-gallery-column fusion-gallery-column-2 hover-type-zoomin\"><div class=\"fusion-gallery-image\"><a href=\"https:\/\/brevnovskypivovar.cz\/wp-content\/uploads\/2022\/09\/5569858_-1.jpg\" rel=\"noreferrer\" data-rel=\"iLightbox[gallery_image_1]\" class=\"fusion-lightbox\" target=\"_self\"><img decoding=\"async\" src=\"https:\/\/brevnovskypivovar.cz\/wp-content\/uploads\/2022\/09\/5569858_-1-460x295.jpg\" width=\"460\" height=\"295\" alt=\"\" title=\"5569858_ (1)\" aria-label=\"5569858_ (1)\" class=\"img-responsive wp-image-667 fusion-gallery-image-size-fixed\"  \/><\/a><\/div><\/div><div class=\"clearfix\"><\/div><div style=\"padding:5px;\" class=\"fusion-grid-column fusion-gallery-column fusion-gallery-column-2 hover-type-zoomin\"><div class=\"fusion-gallery-image\"><a href=\"https:\/\/brevnovskypivovar.cz\/wp-content\/uploads\/2022\/09\/sklepni-prostory.jpg\" rel=\"noreferrer\" data-rel=\"iLightbox[gallery_image_1]\" class=\"fusion-lightbox\" target=\"_self\"><img decoding=\"async\" src=\"https:\/\/brevnovskypivovar.cz\/wp-content\/uploads\/2022\/09\/sklepni-prostory-460x295.jpg\" width=\"460\" height=\"295\" alt=\"\" title=\"sklepni-prostory\" aria-label=\"sklepni-prostory\" class=\"img-responsive wp-image-743 fusion-gallery-image-size-fixed\"  \/><\/a><\/div><\/div><div style=\"padding:5px;\" class=\"fusion-grid-column fusion-gallery-column fusion-gallery-column-2 hover-type-zoomin\"><div class=\"fusion-gallery-image\"><a href=\"https:\/\/brevnovskypivovar.cz\/wp-content\/uploads\/2022\/09\/varna-kad-1.jpg\" rel=\"noreferrer\" data-rel=\"iLightbox[gallery_image_1]\" class=\"fusion-lightbox\" target=\"_self\"><img decoding=\"async\" src=\"https:\/\/brevnovskypivovar.cz\/wp-content\/uploads\/2022\/09\/varna-kad-1-460x295.jpg\" width=\"460\" height=\"295\" alt=\"\" title=\"varna + k\u00e1\u010f (1)\" aria-label=\"varna + k\u00e1\u010f (1)\" class=\"img-responsive wp-image-669 fusion-gallery-image-size-fixed\"  \/><\/a><\/div><\/div><div class=\"clearfix\"><\/div><\/div><\/div><\/div><\/div><div class=\"fusion-layout-column fusion_builder_column fusion-builder-column-3 fusion_builder_column_1_2 1_2 fusion-flex-column fusion-flex-align-self-stretch\" style=\"--awb-bg-size:cover;--awb-width-large:50%;--awb-margin-top-large:0px;--awb-spacing-right-large:3.84%;--awb-margin-bottom-large:0px;--awb-spacing-left-large:3.84%;--awb-width-medium:100%;--awb-order-medium:0;--awb-spacing-right-medium:1.92%;--awb-spacing-left-medium:1.92%;--awb-width-small:100%;--awb-order-small:0;--awb-spacing-right-small:1.92%;--awb-spacing-left-small:1.92%;\"><div class=\"fusion-column-wrapper fusion-column-has-shadow fusion-flex-justify-content-center fusion-content-layout-column\"><div class=\"fusion-text fusion-text-1\" style=\"--awb-text-color:var(--awb-color1);--awb-margin-top:2rem;\"><p>To inquire or book a&nbsp;tour, please use our email:<\/p>\n<\/div><div class=\"fusion-builder-row fusion-builder-row-inner fusion-row fusion-flex-align-items-flex-start fusion-flex-justify-content-flex-end fusion-flex-content-wrap\" style=\"width:104% !important;max-width:104% !important;margin-left: calc(-4% \/ 2 );margin-right: calc(-4% \/ 2 );\"><div class=\"fusion-layout-column fusion_builder_column_inner fusion-builder-nested-column-0 fusion_builder_column_inner_1_1 1_1 fusion-flex-column\" style=\"--awb-bg-size:cover;--awb-width-large:100%;--awb-margin-top-large:0px;--awb-spacing-right-large:1.92%;--awb-margin-bottom-large:0px;--awb-spacing-left-large:1.92%;--awb-width-medium:100%;--awb-order-medium:0;--awb-spacing-right-medium:1.92%;--awb-spacing-left-medium:1.92%;--awb-width-small:100%;--awb-order-small:0;--awb-spacing-right-small:1.92%;--awb-spacing-left-small:1.92%;\"><div class=\"fusion-column-wrapper fusion-column-has-shadow fusion-flex-justify-content-center fusion-content-layout-column\"><ul style=\"--awb-size:23.4375px;--awb-iconcolor:var(--awb-color6);--awb-line-height:39.84375px;--awb-icon-width:39.84375px;--awb-icon-height:39.84375px;--awb-icon-margin:16.40625px;--awb-content-margin:56.25px;\" class=\"fusion-checklist fusion-checklist-2 fusion-checklist-default type-icons\"><li class=\"fusion-li-item\" style=\"\"><span class=\"icon-wrapper circle-no\"><i class=\"fusion-li-icon fa-envelope fas\" aria-hidden=\"true\"><\/i><\/span><div class=\"fusion-li-item-content\"><a href=\"mailto:prohlidky@brevnovskypivovar.cz\">prohlidky@brevnovskypivovar.cz<\/a><\/div><\/li><\/ul><ul style=\"--awb-size:23.4375px;--awb-iconcolor:var(--awb-color6);--awb-line-height:39.84375px;--awb-icon-width:39.84375px;--awb-icon-height:39.84375px;--awb-icon-margin:16.40625px;--awb-content-margin:56.25px;\" class=\"fusion-checklist fusion-checklist-3 fusion-checklist-default type-icons\"><li class=\"fusion-li-item\" style=\"\"><span class=\"icon-wrapper circle-no\"><i class=\"fusion-li-icon fa-envelope fas\" aria-hidden=\"true\"><\/i><\/span><div class=\"fusion-li-item-content\"><a href=\"mailto:%20tours@brevnovskypivovar.cz\"> tours@brevnovskypivovar.cz<\/a><\/div><\/li><\/ul><\/div><\/div><\/div><\/div><\/div><\/div><\/div><\/p>\n","protected":false},"excerpt":{"rendered":"","protected":false},"author":3,"featured_media":0,"parent":0,"menu_order":0,"comment_status":"closed","ping_status":"closed","template":"100-width.php","meta":{"footnotes":""},"class_list":["post-1006","page","type-page","status-publish","hentry"],"acf":[],"yoast_head":"<!-- This site is optimized with the Yoast SEO plugin v19.7.1 - https:\/\/yoast.com\/wordpress\/plugins\/seo\/ -->\n<title>Tours - B\u0159evnovsk\u00fd kl\u00e1\u0161tern\u00ed pivovar sv. Vojt\u011bcha<\/title>\n<meta name=\"robots\" content=\"index, follow, max-snippet:-1, max-image-preview:large, max-video-preview:-1\" \/>\n<link rel=\"canonical\" href=\"https:\/\/brevnovskypivovar.cz\/en\/brewery-tours\/\" \/>\n<meta property=\"og:locale\" content=\"en_US\" \/>\n<meta property=\"og:type\" content=\"article\" \/>\n<meta property=\"og:title\" content=\"Tours - B\u0159evnovsk\u00fd kl\u00e1\u0161tern\u00ed pivovar sv. Vojt\u011bcha\" \/>\n<meta property=\"og:url\" content=\"https:\/\/brevnovskypivovar.cz\/en\/brewery-tours\/\" \/>\n<meta property=\"og:site_name\" content=\"B\u0159evnovsk\u00fd kl\u00e1\u0161tern\u00ed pivovar sv. Vojt\u011bcha\" \/>\n<meta property=\"article:modified_time\" content=\"2022-09-30T08:06:32+00:00\" \/>\n<meta name=\"twitter:card\" content=\"summary_large_image\" \/>\n<meta name=\"twitter:label1\" content=\"Est. reading time\" \/>\n\t<meta name=\"twitter:data1\" content=\"8 minutes\" \/>\n<script type=\"application\/ld+json\" class=\"yoast-schema-graph\">{\"@context\":\"https:\/\/schema.org\",\"@graph\":[{\"@type\":\"WebPage\",\"@id\":\"https:\/\/brevnovskypivovar.cz\/en\/brewery-tours\/\",\"url\":\"https:\/\/brevnovskypivovar.cz\/en\/brewery-tours\/\",\"name\":\"Tours - B\u0159evnovsk\u00fd kl\u00e1\u0161tern\u00ed pivovar sv. Vojt\u011bcha\",\"isPartOf\":{\"@id\":\"https:\/\/brevnovskypivovar.cz\/#website\"},\"datePublished\":\"2022-09-27T05:06:34+00:00\",\"dateModified\":\"2022-09-30T08:06:32+00:00\",\"breadcrumb\":{\"@id\":\"https:\/\/brevnovskypivovar.cz\/en\/brewery-tours\/#breadcrumb\"},\"inLanguage\":\"en-US\",\"potentialAction\":[{\"@type\":\"ReadAction\",\"target\":[\"https:\/\/brevnovskypivovar.cz\/en\/brewery-tours\/\"]}]},{\"@type\":\"BreadcrumbList\",\"@id\":\"https:\/\/brevnovskypivovar.cz\/en\/brewery-tours\/#breadcrumb\",\"itemListElement\":[{\"@type\":\"ListItem\",\"position\":1,\"name\":\"Dom\u016f\",\"item\":\"https:\/\/brevnovskypivovar.cz\/en\/\"},{\"@type\":\"ListItem\",\"position\":2,\"name\":\"Tours\"}]},{\"@type\":\"WebSite\",\"@id\":\"https:\/\/brevnovskypivovar.cz\/#website\",\"url\":\"https:\/\/brevnovskypivovar.cz\/\",\"name\":\"B\u0159evnovsk\u00fd kl\u00e1\u0161tern\u00ed pivovar sv. Vojt\u011bcha\",\"description\":\"Prodej piva, prohl\u00eddky pivovaru\",\"potentialAction\":[{\"@type\":\"SearchAction\",\"target\":{\"@type\":\"EntryPoint\",\"urlTemplate\":\"https:\/\/brevnovskypivovar.cz\/?s={search_term_string}\"},\"query-input\":\"required name=search_term_string\"}],\"inLanguage\":\"en-US\"}]}<\/script>\n<!-- \/ Yoast SEO plugin. -->","yoast_head_json":{"title":"Tours - B\u0159evnovsk\u00fd kl\u00e1\u0161tern\u00ed pivovar sv. Vojt\u011bcha","robots":{"index":"index","follow":"follow","max-snippet":"max-snippet:-1","max-image-preview":"max-image-preview:large","max-video-preview":"max-video-preview:-1"},"canonical":"https:\/\/brevnovskypivovar.cz\/en\/brewery-tours\/","og_locale":"en_US","og_type":"article","og_title":"Tours - B\u0159evnovsk\u00fd kl\u00e1\u0161tern\u00ed pivovar sv. Vojt\u011bcha","og_url":"https:\/\/brevnovskypivovar.cz\/en\/brewery-tours\/","og_site_name":"B\u0159evnovsk\u00fd kl\u00e1\u0161tern\u00ed pivovar sv. Vojt\u011bcha","article_modified_time":"2022-09-30T08:06:32+00:00","twitter_card":"summary_large_image","twitter_misc":{"Est. reading time":"8 minutes"},"schema":{"@context":"https:\/\/schema.org","@graph":[{"@type":"WebPage","@id":"https:\/\/brevnovskypivovar.cz\/en\/brewery-tours\/","url":"https:\/\/brevnovskypivovar.cz\/en\/brewery-tours\/","name":"Tours - B\u0159evnovsk\u00fd kl\u00e1\u0161tern\u00ed pivovar sv. Vojt\u011bcha","isPartOf":{"@id":"https:\/\/brevnovskypivovar.cz\/#website"},"datePublished":"2022-09-27T05:06:34+00:00","dateModified":"2022-09-30T08:06:32+00:00","breadcrumb":{"@id":"https:\/\/brevnovskypivovar.cz\/en\/brewery-tours\/#breadcrumb"},"inLanguage":"en-US","potentialAction":[{"@type":"ReadAction","target":["https:\/\/brevnovskypivovar.cz\/en\/brewery-tours\/"]}]},{"@type":"BreadcrumbList","@id":"https:\/\/brevnovskypivovar.cz\/en\/brewery-tours\/#breadcrumb","itemListElement":[{"@type":"ListItem","position":1,"name":"Dom\u016f","item":"https:\/\/brevnovskypivovar.cz\/en\/"},{"@type":"ListItem","position":2,"name":"Tours"}]},{"@type":"WebSite","@id":"https:\/\/brevnovskypivovar.cz\/#website","url":"https:\/\/brevnovskypivovar.cz\/","name":"B\u0159evnovsk\u00fd kl\u00e1\u0161tern\u00ed pivovar sv. Vojt\u011bcha","description":"Prodej piva, prohl\u00eddky pivovaru","potentialAction":[{"@type":"SearchAction","target":{"@type":"EntryPoint","urlTemplate":"https:\/\/brevnovskypivovar.cz\/?s={search_term_string}"},"query-input":"required name=search_term_string"}],"inLanguage":"en-US"}]}},"_links":{"self":[{"href":"https:\/\/brevnovskypivovar.cz\/en\/wp-json\/wp\/v2\/pages\/1006"}],"collection":[{"href":"https:\/\/brevnovskypivovar.cz\/en\/wp-json\/wp\/v2\/pages"}],"about":[{"href":"https:\/\/brevnovskypivovar.cz\/en\/wp-json\/wp\/v2\/types\/page"}],"author":[{"embeddable":true,"href":"https:\/\/brevnovskypivovar.cz\/en\/wp-json\/wp\/v2\/users\/3"}],"replies":[{"embeddable":true,"href":"https:\/\/brevnovskypivovar.cz\/en\/wp-json\/wp\/v2\/comments?post=1006"}],"version-history":[{"count":0,"href":"https:\/\/brevnovskypivovar.cz\/en\/wp-json\/wp\/v2\/pages\/1006\/revisions"}],"wp:attachment":[{"href":"https:\/\/brevnovskypivovar.cz\/en\/wp-json\/wp\/v2\/media?parent=1006"}],"curies":[{"name":"wp","href":"https:\/\/api.w.org\/{rel}","templated":true}]}}